{"id":34,"date":"2022-02-16T08:01:47","date_gmt":"2022-02-16T07:01:47","guid":{"rendered":"https:\/\/demo.artureanec.com\/themes\/industrium\/?page_id=34"},"modified":"2023-10-15T18:08:25","modified_gmt":"2023-10-15T16:08:25","slug":"storitve","status":"publish","type":"page","link":"https:\/\/eurogenex.com\/de\/storitve\/","title":{"rendered":"Leistungen"},"content":{"rendered":"<div data-elementor-type=\"wp-page\" data-elementor-id=\"34\" class=\"elementor elementor-34\">\n\t\t\t\t\t\t<section class=\"elementor-section elementor-top-section elementor-element elementor-element-bfecd03 elementor-section-full_width elementor-section-stretched elementor-section-height-default elementor-section-height-default\" data-id=\"bfecd03\" data-element_type=\"section\" data-e-type=\"section\" data-settings=\"{&quot;stretch_section&quot;:&quot;section-stretched&quot;,&quot;background_background&quot;:&quot;classic&quot;}\">\n\t\t\t\t\t\t<div class=\"elementor-container elementor-column-gap-no\">\n\t\t\t\t\t<div class=\"elementor-column elementor-col-100 elementor-top-column elementor-element elementor-element-fff7267\" data-id=\"fff7267\" data-element_type=\"column\" data-e-type=\"column\">\n\t\t\t<div class=\"elementor-widget-wrap elementor-element-populated\">\n\t\t\t\t\t\t<section class=\"elementor-section elementor-inner-section elementor-element elementor-element-c0b9d64 elementor-section-boxed elementor-section-height-default elementor-section-height-default\" data-id=\"c0b9d64\" data-element_type=\"section\" data-e-type=\"section\">\n\t\t\t\t\t\t<div class=\"elementor-container elementor-column-gap-wide\">\n\t\t\t\t\t<div class=\"elementor-column elementor-col-50 elementor-inner-column elementor-element elementor-element-4d11355\" data-id=\"4d11355\" data-element_type=\"column\" data-e-type=\"column\">\n\t\t\t<div class=\"elementor-widget-wrap elementor-element-populated\">\n\t\t\t\t\t\t<div class=\"elementor-element elementor-element-486ee90 elementor-widget elementor-widget-image\" data-id=\"486ee90\" data-element_type=\"widget\" data-e-type=\"widget\" data-widget_type=\"image.default\">\n\t\t\t\t<div class=\"elementor-widget-container\">\n\t\t\t\t\t\t\t\t\t\t\t\t\t\t\t<img fetchpriority=\"high\" decoding=\"async\" width=\"768\" height=\"1024\" src=\"https:\/\/eurogenex.com\/wp-content\/uploads\/2023\/10\/Storitve4-768x1024.jpg\" class=\"attachment-large size-large wp-image-16227\" alt=\"\" srcset=\"\" sizes=\"(max-width: 768px) 100vw, 768px\" data-srcset=\"\" \/>\t\t\t\t\t\t\t\t\t\t\t\t\t\t\t<\/div>\n\t\t\t\t<\/div>\n\t\t\t\t\t<\/div>\n\t\t<\/div>\n\t\t\t\t<div class=\"elementor-column elementor-col-50 elementor-inner-column elementor-element elementor-element-14e0b78\" data-id=\"14e0b78\" data-element_type=\"column\" data-e-type=\"column\">\n\t\t\t<div class=\"elementor-widget-wrap elementor-element-populated\">\n\t\t\t\t\t\t<div class=\"elementor-element elementor-element-88a40fa elementor-widget elementor-widget-heading\" data-id=\"88a40fa\" data-element_type=\"widget\" data-e-type=\"widget\" data-widget_type=\"heading.default\">\n\t\t\t\t<div class=\"elementor-widget-container\">\n\t\t\t\t\t<h2 class=\"elementor-heading-title elementor-size-default\">Sondertransporte und <br>Schwertransporte<\/h2>\t\t\t\t<\/div>\n\t\t\t\t<\/div>\n\t\t\t\t<div class=\"elementor-element elementor-element-41268db elementor-widget elementor-widget-text-editor\" data-id=\"41268db\" data-element_type=\"widget\" data-e-type=\"widget\" data-widget_type=\"text-editor.default\">\n\t\t\t\t<div class=\"elementor-widget-container\">\n\t\t\t\t\t\t\t\t\t<p><span style=\"color: #17262f;\">Als\u00a0<\/span><strong style=\"color: #17262f;\">Sondertransport<\/strong><span style=\"color: #17262f;\">\u00a0gelten alle Transporte die die geregelten Vorschriften der Ladungen in der Abmessungen und Gewicht \u00fcberschreiten.\u00a0<\/span><\/p>\t\t\t\t\t\t\t\t<\/div>\n\t\t\t\t<\/div>\n\t\t\t\t<div class=\"elementor-element elementor-element-79ed807 elementor-widget elementor-widget-text-editor\" data-id=\"79ed807\" data-element_type=\"widget\" data-e-type=\"widget\" data-widget_type=\"text-editor.default\">\n\t\t\t\t<div class=\"elementor-widget-container\">\n\t\t\t\t\t\t\t\t\t<p>Unser Unternehmen besch\u00e4ftigt sich mit\u00a0<strong>der Organisation<\/strong>\u00a0und Ausf\u00fchrung von allen Arten der Sondertransporte, Schwertransporte, Stra\u00dfentransporte wie auch Bahntransporte, Fluss und Seetransporte.<\/p><p>Die grundlegende und zugleich die wichtigste T\u00e4tigkeit ist\u00a0<strong>die Organisation der Stra\u00dfentransporte.<\/strong>Wir haben ein organisiertes Netzwerk von Gesch\u00e4ftspartnern in ganz\u00a0<strong>Europa<\/strong>, die uns bei der Organisation unterst\u00fctzen und uns helfen die besten L\u00f6sungen f\u00fcr bestimmte Sondertransporte zu finden . Bei der Durchf\u00fchrung von  komplexen Sondertransporten sind genaue Kenntnisse des Bereiches, wo der Sondertransport durchgef\u00fchrt werden soll, notwendig. Dies wird gemeinsam mit unseren Gesch\u00e4ftspartnern in ganz Europa sicher gestellt. Unser Vorteil ist, dass der Kunde an einem beliebigen Ort sein kann und mit einem Gespr\u00e4chspartner, alles f\u00fcr einen Sondertransport durch alle europ\u00e4ische L\u00e4nder, regeln kann.\u00a0<\/p><p>F\u00fcr die Ausf\u00fchrung des Transportes einer bestimmter Fracht ist es sehr wichtig, die richtigen Transportmittel zu w\u00e4hlen. Unseren Kunden gew\u00e4hrleisten wir die am besten geeignete Fahrzeuge f\u00fcr den Transport der Fracht, dabei ber\u00fccksichtigen wir auch die Kosten. Das Ergebnis der jahrelangen Zusammenarbeit zwischen Unternehmen ist auch eine breite Palette von Fahrzeugen f\u00fcr den Transport aller Arten von Fracht durch ganz Europa.<\/p><p>Ein sehr wichtiger Faktor bei Sondertransporten, Schwertransporten ist\u00a0<strong>die Sicherheit der Ladung<\/strong>\u00a0, sowie auch die Sicherheit aller Verkehrsteilnehmer. Der Sicherheit schenken wir gro\u00dfe Aufmerksamkeit.<\/p><p>Unser Ziel ist es den Kunden die Ladung an den gew\u00fcnschte Ort zu transportieren, zur gew\u00fcnschten Zeit und mit\u00a0<strong>optimalen Kosten.<\/strong>.<\/p>\t\t\t\t\t\t\t\t<\/div>\n\t\t\t\t<\/div>\n\t\t\t\t\t<\/div>\n\t\t<\/div>\n\t\t\t\t\t<\/div>\n\t\t<\/section>\n\t\t\t\t\t<\/div>\n\t\t<\/div>\n\t\t\t\t\t<\/div>\n\t\t<\/section>\n\t\t\t\t<section class=\"elementor-section elementor-top-section elementor-element elementor-element-bebc065 elementor-section-full_width elementor-section-stretched elementor-section-height-default elementor-section-height-default\" data-id=\"bebc065\" data-element_type=\"section\" data-e-type=\"section\" data-settings=\"{&quot;stretch_section&quot;:&quot;section-stretched&quot;,&quot;background_background&quot;:&quot;classic&quot;}\">\n\t\t\t\t\t\t<div class=\"elementor-container elementor-column-gap-no\">\n\t\t\t\t\t<div class=\"elementor-column elementor-col-100 elementor-top-column elementor-element elementor-element-0d89194\" data-id=\"0d89194\" data-element_type=\"column\" data-e-type=\"column\">\n\t\t\t<div class=\"elementor-widget-wrap elementor-element-populated\">\n\t\t\t\t\t\t<section class=\"elementor-section elementor-inner-section elementor-element elementor-element-27a42f2 elementor-section-boxed elementor-section-height-default elementor-section-height-default\" data-id=\"27a42f2\" data-element_type=\"section\" data-e-type=\"section\">\n\t\t\t\t\t\t<div class=\"elementor-container elementor-column-gap-wide\">\n\t\t\t\t\t<div class=\"elementor-column elementor-col-50 elementor-inner-column elementor-element elementor-element-80079ac\" data-id=\"80079ac\" data-element_type=\"column\" data-e-type=\"column\">\n\t\t\t<div class=\"elementor-widget-wrap elementor-element-populated\">\n\t\t\t\t\t\t<div class=\"elementor-element elementor-element-c7f13d7 elementor-widget elementor-widget-heading\" data-id=\"c7f13d7\" data-element_type=\"widget\" data-e-type=\"widget\" data-widget_type=\"heading.default\">\n\t\t\t\t<div class=\"elementor-widget-container\">\n\t\t\t\t\t<h2 class=\"elementor-heading-title elementor-size-default\">Genehmigung<\/h2>\t\t\t\t<\/div>\n\t\t\t\t<\/div>\n\t\t\t\t<div class=\"elementor-element elementor-element-f08d0dc elementor-widget elementor-widget-text-editor\" data-id=\"f08d0dc\" data-element_type=\"widget\" data-e-type=\"widget\" data-widget_type=\"text-editor.default\">\n\t\t\t\t<div class=\"elementor-widget-container\">\n\t\t\t\t\t\t\t\t\t<p><strong>Mit dem Erwerb von Lizenzen f\u00fcr den Sondertransport und Schwertransport von Ladungen besch\u00e4ftigt sich unser Unternehmen schon seit mehr als 30 Jahre.<\/strong><\/p>\t\t\t\t\t\t\t\t<\/div>\n\t\t\t\t<\/div>\n\t\t\t\t<div class=\"elementor-element elementor-element-68af0c3 elementor-widget elementor-widget-text-editor\" data-id=\"68af0c3\" data-element_type=\"widget\" data-e-type=\"widget\" data-widget_type=\"text-editor.default\">\n\t\t\t\t<div class=\"elementor-widget-container\">\n\t\t\t\t\t\t\t\t\t<p>Da <strong>Genehmigung f\u00fcr Sondertransporte und Schwertransporte<\/strong>\u00a0aus mehreren Komponenten bestehen, organisieren wir selbst alle anderen erforderlichen Genehmigungen und statische Beurteilungen f\u00fcr ganz Europa.<\/p><p>F\u00fcr die sichere Durchf\u00fchrung <strong>des Transport<\/strong>\u00a0fertigen wir eine Transportstudie an, pr\u00fcfen die Trasse, organisieren die Wegr\u00e4umung der Verkehrszeichen, wenn n\u00f6tig organisieren wir auch eine\u00a0<strong>Polizei-Eskorte<\/strong>\u00a0und alle anderen Ma\u00dfnahmen f\u00fcr einen\u00a0<strong>sicheren und reibungslosen Ablauf.<\/strong>.<\/p>\t\t\t\t\t\t\t\t<\/div>\n\t\t\t\t<\/div>\n\t\t\t\t\t<\/div>\n\t\t<\/div>\n\t\t\t\t<div class=\"elementor-column elementor-col-50 elementor-inner-column elementor-element elementor-element-701d292\" data-id=\"701d292\" data-element_type=\"column\" data-e-type=\"column\">\n\t\t\t<div class=\"elementor-widget-wrap elementor-element-populated\">\n\t\t\t\t\t\t<div class=\"elementor-element elementor-element-96e6c58 elementor-widget elementor-widget-image\" data-id=\"96e6c58\" data-element_type=\"widget\" data-e-type=\"widget\" data-widget_type=\"image.default\">\n\t\t\t\t<div class=\"elementor-widget-container\">\n\t\t\t\t\t\t\t\t\t\t\t\t\t\t\t<img decoding=\"async\" width=\"1000\" height=\"667\" src=\"https:\/\/eurogenex.com\/wp-content\/uploads\/2023\/10\/AboutUs.jpg\" class=\"attachment-large size-large wp-image-16271\" alt=\"\" srcset=\"https:\/\/eurogenex.com\/wp-content\/uploads\/2023\/10\/AboutUs.jpg 1000w, https:\/\/eurogenex.com\/wp-content\/uploads\/2023\/10\/AboutUs-300x200.jpg 300w, https:\/\/eurogenex.com\/wp-content\/uploads\/2023\/10\/AboutUs-768x512.jpg 768w\" sizes=\"(max-width: 1000px) 100vw, 1000px\" \/>\t\t\t\t\t\t\t\t\t\t\t\t\t\t\t<\/div>\n\t\t\t\t<\/div>\n\t\t\t\t\t<\/div>\n\t\t<\/div>\n\t\t\t\t\t<\/div>\n\t\t<\/section>\n\t\t\t\t\t<\/div>\n\t\t<\/div>\n\t\t\t\t\t<\/div>\n\t\t<\/section>\n\t\t\t\t<section class=\"elementor-section elementor-top-section elementor-element elementor-element-853cb81 elementor-section-full_width elementor-section-stretched elementor-section-height-default elementor-section-height-default\" data-id=\"853cb81\" data-element_type=\"section\" data-e-type=\"section\" data-settings=\"{&quot;stretch_section&quot;:&quot;section-stretched&quot;,&quot;background_background&quot;:&quot;classic&quot;}\">\n\t\t\t\t\t\t<div class=\"elementor-container elementor-column-gap-no\">\n\t\t\t\t\t<div class=\"elementor-column elementor-col-100 elementor-top-column elementor-element elementor-element-50f258d\" data-id=\"50f258d\" data-element_type=\"column\" data-e-type=\"column\">\n\t\t\t<div class=\"elementor-widget-wrap elementor-element-populated\">\n\t\t\t\t\t\t<section class=\"elementor-section elementor-inner-section elementor-element elementor-element-e515424 elementor-section-boxed elementor-section-height-default elementor-section-height-default\" data-id=\"e515424\" data-element_type=\"section\" data-e-type=\"section\">\n\t\t\t\t\t\t<div class=\"elementor-container elementor-column-gap-wide\">\n\t\t\t\t\t<div class=\"elementor-column elementor-col-50 elementor-inner-column elementor-element elementor-element-58705e5\" data-id=\"58705e5\" data-element_type=\"column\" data-e-type=\"column\">\n\t\t\t<div class=\"elementor-widget-wrap elementor-element-populated\">\n\t\t\t\t\t\t<div class=\"elementor-element elementor-element-82b2f87 elementor-widget elementor-widget-image\" data-id=\"82b2f87\" data-element_type=\"widget\" data-e-type=\"widget\" data-widget_type=\"image.default\">\n\t\t\t\t<div class=\"elementor-widget-container\">\n\t\t\t\t\t\t\t\t\t\t\t\t\t\t\t<img decoding=\"async\" width=\"1024\" height=\"683\" src=\"https:\/\/eurogenex.com\/wp-content\/uploads\/2023\/10\/begleitung.jpg\" class=\"attachment-large size-large wp-image-16275\" alt=\"\" srcset=\"https:\/\/eurogenex.com\/wp-content\/uploads\/2023\/10\/begleitung.jpg 1024w, https:\/\/eurogenex.com\/wp-content\/uploads\/2023\/10\/begleitung-300x200.jpg 300w, https:\/\/eurogenex.com\/wp-content\/uploads\/2023\/10\/begleitung-768x512.jpg 768w\" sizes=\"(max-width: 1024px) 100vw, 1024px\" \/>\t\t\t\t\t\t\t\t\t\t\t\t\t\t\t<\/div>\n\t\t\t\t<\/div>\n\t\t\t\t\t<\/div>\n\t\t<\/div>\n\t\t\t\t<div class=\"elementor-column elementor-col-50 elementor-inner-column elementor-element elementor-element-0b53b7a\" data-id=\"0b53b7a\" data-element_type=\"column\" data-e-type=\"column\">\n\t\t\t<div class=\"elementor-widget-wrap elementor-element-populated\">\n\t\t\t\t\t\t<div class=\"elementor-element elementor-element-9023e68 elementor-widget elementor-widget-heading\" data-id=\"9023e68\" data-element_type=\"widget\" data-e-type=\"widget\" data-widget_type=\"heading.default\">\n\t\t\t\t<div class=\"elementor-widget-container\">\n\t\t\t\t\t<h2 class=\"elementor-heading-title elementor-size-default\">Begleitung<\/h2>\t\t\t\t<\/div>\n\t\t\t\t<\/div>\n\t\t\t\t<div class=\"elementor-element elementor-element-79d7ff9 elementor-widget elementor-widget-text-editor\" data-id=\"79d7ff9\" data-element_type=\"widget\" data-e-type=\"widget\" data-widget_type=\"text-editor.default\">\n\t\t\t\t<div class=\"elementor-widget-container\">\n\t\t\t\t\t\t\t\t\t<p>In unserem Fuhrpark haben wir 10 entsprechend ausgestattete <strong>Begleitfahrzeuge<\/strong>mit denen wir <strong>Begleitungen<\/strong>\u00a0in \u00d6sterreich und Slowenien durchf\u00fchren. In anderen europ\u00e4ischen L\u00e4ndern stellen wir zusammen mit unseren Partnern einen zuverl\u00e4ssigen Service der Begleitung sicher. Unsere Begleiter sorgen f\u00fcr maximale\u00a0<strong>Sicherheit<\/strong>\u00a0f\u00fcr Ihre\u00a0<strong>Ladung<\/strong>\u00a0und f\u00fcr alle Verkehrsteilnehmer.<\/p>\t\t\t\t\t\t\t\t<\/div>\n\t\t\t\t<\/div>\n\t\t\t\t\t<\/div>\n\t\t<\/div>\n\t\t\t\t\t<\/div>\n\t\t<\/section>\n\t\t\t\t\t<\/div>\n\t\t<\/div>\n\t\t\t\t\t<\/div>\n\t\t<\/section>\n\t\t\t\t<\/div>","protected":false},"excerpt":{"rendered":"<p>Izredni prevozi in prevozi te\u017ekega tovora Kot\u00a0izredne prevoze\u00a0pojmujemo vse prevoze, ki presegajo s predpisi dolo\u010dene dimenzije in maso tovora.\u00a0 Na\u0161e podjetje se ukvarja z\u00a0organizacijo\u00a0in izvedbo vseh vrst izrednih prevozov\u00a0cestnih, \u017eelezni\u0161kih, re\u010dnih in pomorskih prevozov. Na\u0161a temeljna in najpomembnej\u0161a dejavnost je\u00a0organizacija cestnih&#8230;<\/p>","protected":false},"author":1,"featured_media":0,"parent":0,"menu_order":0,"comment_status":"closed","ping_status":"closed","template":"","meta":{"footnotes":""},"class_list":["post-34","page","type-page","status-publish","hentry"],"_links":{"self":[{"href":"https:\/\/eurogenex.com\/de\/wp-json\/wp\/v2\/pages\/34","targetHints":{"allow":["GET"]}}],"collection":[{"href":"https:\/\/eurogenex.com\/de\/wp-json\/wp\/v2\/pages"}],"about":[{"href":"https:\/\/eurogenex.com\/de\/wp-json\/wp\/v2\/types\/page"}],"author":[{"embeddable":true,"href":"https:\/\/eurogenex.com\/de\/wp-json\/wp\/v2\/users\/1"}],"replies":[{"embeddable":true,"href":"https:\/\/eurogenex.com\/de\/wp-json\/wp\/v2\/comments?post=34"}],"version-history":[{"count":14,"href":"https:\/\/eurogenex.com\/de\/wp-json\/wp\/v2\/pages\/34\/revisions"}],"predecessor-version":[{"id":16323,"href":"https:\/\/eurogenex.com\/de\/wp-json\/wp\/v2\/pages\/34\/revisions\/16323"}],"wp:attachment":[{"href":"https:\/\/eurogenex.com\/de\/wp-json\/wp\/v2\/media?parent=34"}],"curies":[{"name":"wp","href":"https:\/\/api.w.org\/{rel}","templated":true}]}}