{"id":16400,"date":"2023-12-04T21:04:03","date_gmt":"2023-12-04T20:04:03","guid":{"rendered":"https:\/\/eurogenex.com\/?page_id=16400"},"modified":"2023-12-04T21:18:02","modified_gmt":"2023-12-04T20:18:02","slug":"formular-genehmigung-und-begleitungsanfrage","status":"publish","type":"page","link":"https:\/\/eurogenex.com\/de\/formular-genehmigung-und-begleitungsanfrage\/","title":{"rendered":"Formular Genehmigung und Begleitungsanfrage"},"content":{"rendered":"<div data-elementor-type=\"wp-page\" data-elementor-id=\"16400\" class=\"elementor elementor-16400\">\n\t\t\t\t<div class=\"elementor-element elementor-element-6d577ec e-flex e-con-boxed e-con e-parent\" data-id=\"6d577ec\" data-element_type=\"container\" data-e-type=\"container\">\n\t\t\t\t\t<div class=\"e-con-inner\">\n\t\t\t\t<div class=\"elementor-element elementor-element-660930a elementor-widget elementor-widget-text-editor\" data-id=\"660930a\" data-element_type=\"widget\" data-e-type=\"widget\" data-widget_type=\"text-editor.default\">\n\t\t\t\t<div class=\"elementor-widget-container\">\n\t\t\t\t\t\t\t\t\t<p>Nutzen Sie unser Anfrage-Formular f\u00fcr eine Auftragsanfrage auch au\u00dferhalb unserer regul\u00e4ren B\u00fcrozeiten. Unsere Mitarbeiter werden Ihre Anfrage schnellstm\u00f6glich bearbeiten und Ihnen ein aussagekr\u00e4ftiges Angebot \u00fcbermitteln.<\/p>\t\t\t\t\t\t\t\t<\/div>\n\t\t\t\t<\/div>\n\t\t\t\t<div class=\"elementor-element elementor-element-7a7a81c elementor-widget elementor-widget-shortcode\" data-id=\"7a7a81c\" data-element_type=\"widget\" data-e-type=\"widget\" data-widget_type=\"shortcode.default\">\n\t\t\t\t<div class=\"elementor-widget-container\">\n\t\t\t\t\t\t\t<div class=\"elementor-shortcode\">\n<div class=\"wpcf7 no-js\" id=\"wpcf7-f16398-o1\" lang=\"sl-SI\" dir=\"ltr\" data-wpcf7-id=\"16398\">\n<div class=\"screen-reader-response\"><p role=\"status\" aria-live=\"polite\" aria-atomic=\"true\"><\/p> <ul><\/ul><\/div>\n<form action=\"\/de\/wp-json\/wp\/v2\/pages\/16400#wpcf7-f16398-o1\" method=\"post\" class=\"wpcf7-form init\" aria-label=\"Kontaktni obrazec\" novalidate=\"novalidate\" data-status=\"init\" data-trp-original-action=\"\/de\/wp-json\/wp\/v2\/pages\/16400#wpcf7-f16398-o1\">\n<fieldset class=\"hidden-fields-container\"><input type=\"hidden\" name=\"_wpcf7\" value=\"16398\" \/><input type=\"hidden\" name=\"_wpcf7_version\" value=\"6.1.5\" \/><input type=\"hidden\" name=\"_wpcf7_locale\" value=\"sl_SI\" \/><input type=\"hidden\" name=\"_wpcf7_unit_tag\" value=\"wpcf7-f16398-o1\" \/><input type=\"hidden\" name=\"_wpcf7_container_post\" value=\"0\" \/><input type=\"hidden\" name=\"_wpcf7_posted_data_hash\" value=\"\" \/>\n<\/fieldset>\n<div class=\"uacf7-form-wrapper-container uacf7-form-16398\"><label> Firma\n    <span class=\"wpcf7-form-control-wrap\" data-name=\"your-firma\"><input size=\"40\" maxlength=\"400\" class=\"wpcf7-form-control wpcf7-text\" aria-invalid=\"false\" value=\"\" type=\"text\" name=\"your-firma\" \/><\/span> <\/label>\n\n<label> Stra\u00dfe\n    <span class=\"wpcf7-form-control-wrap\" data-name=\"your-strasse\"><input size=\"40\" maxlength=\"400\" class=\"wpcf7-form-control wpcf7-text\" aria-invalid=\"false\" value=\"\" type=\"text\" name=\"your-strasse\" \/><\/span> <\/label>\n\n<label> PLZ\n    <span class=\"wpcf7-form-control-wrap\" data-name=\"your-plz\"><input size=\"40\" maxlength=\"400\" class=\"wpcf7-form-control wpcf7-text\" aria-invalid=\"false\" value=\"\" type=\"text\" name=\"your-plz\" \/><\/span> <\/label>\n\n<label> Ort\n    <span class=\"wpcf7-form-control-wrap\" data-name=\"your-ort\"><input size=\"40\" maxlength=\"400\" class=\"wpcf7-form-control wpcf7-text\" aria-invalid=\"false\" value=\"\" type=\"text\" name=\"your-ort\" \/><\/span> <\/label>\n\n<label> Ansprechpartner*\n    <span class=\"wpcf7-form-control-wrap\" data-name=\"your-ansprechpartner\"><input size=\"40\" maxlength=\"400\" class=\"wpcf7-form-control wpcf7-text wpcf7-validates-as-required\" aria-required=\"true\" aria-invalid=\"false\" value=\"\" type=\"text\" name=\"your-ansprechpartner\" \/><\/span> <\/label>\n\n<label> Email*\n    <span class=\"wpcf7-form-control-wrap\" data-name=\"your-email\"><input size=\"40\" maxlength=\"400\" class=\"wpcf7-form-control wpcf7-email wpcf7-validates-as-required wpcf7-text wpcf7-validates-as-email\" autocomplete=\"email\" aria-required=\"true\" aria-invalid=\"false\" value=\"\" type=\"email\" name=\"your-email\" \/><\/span> <\/label>\n\n<label> Telefon\n    <span class=\"wpcf7-form-control-wrap\" data-name=\"your-telefon\"><input size=\"40\" maxlength=\"400\" class=\"wpcf7-form-control wpcf7-tel wpcf7-text wpcf7-validates-as-tel\" aria-invalid=\"false\" value=\"\" type=\"tel\" name=\"your-telefon\" \/><\/span> <\/label>\n\n<label> Fax\n    <span class=\"wpcf7-form-control-wrap\" data-name=\"your-fax\"><input size=\"40\" maxlength=\"400\" class=\"wpcf7-form-control wpcf7-tel wpcf7-text wpcf7-validates-as-tel\" aria-invalid=\"false\" value=\"\" type=\"tel\" name=\"your-fax\" \/><\/span> <\/label>\n\n<h3>Informationen zur Frachtanfrage<\/h3>\n<div class=\"uacf7-row\"><div class=\"uacf7-col-6\">\n\n<label> Abholadresse\n<span class=\"wpcf7-form-control-wrap\" data-name=\"abholadresse\"><textarea cols=\"40\" rows=\"10\" maxlength=\"2000\" class=\"wpcf7-form-control wpcf7-textarea\" aria-invalid=\"false\" name=\"abholadresse\"><\/textarea><\/span> <\/label>\n\n<label> Abholdatum\n <span class=\"wpcf7-form-control-wrap\" data-name=\"date-abholdatum\"><input class=\"wpcf7-form-control wpcf7-date wpcf7-validates-as-date\" aria-invalid=\"false\" value=\"\" type=\"date\" name=\"date-abholdatum\" \/><\/span>  <\/label>\n\n<\/div>\n<div class=\"uacf7-col-6\">\n<label> Empf\u00e4ngeradresse\n<span class=\"wpcf7-form-control-wrap\" data-name=\"empfangeradresse\"><textarea cols=\"40\" rows=\"10\" maxlength=\"2000\" class=\"wpcf7-form-control wpcf7-textarea\" aria-invalid=\"false\" name=\"empfangeradresse\"><\/textarea><\/span> <\/label>\n\n<label> Liefertermin\n <span class=\"wpcf7-form-control-wrap\" data-name=\"date-liefertermin\"><input class=\"wpcf7-form-control wpcf7-date wpcf7-validates-as-date\" aria-invalid=\"false\" value=\"\" type=\"date\" name=\"date-liefertermin\" \/><\/span> <\/label>\n<\/div><\/div>\n\n<label> Transportabmessung (L\u00e4nge x Breite x H\u00f6he)\n<span class=\"wpcf7-form-control-wrap\" data-name=\"abmessung-ware\"><input size=\"40\" maxlength=\"400\" class=\"wpcf7-form-control wpcf7-text\" aria-invalid=\"false\" value=\"\" type=\"text\" name=\"abmessung-ware\" \/><\/span><\/label>\n\n<label> Gesamttransport Gewicht (Angabe in kg)\n<span class=\"wpcf7-form-control-wrap\" data-name=\"ware-gewicht\"><input size=\"40\" maxlength=\"400\" class=\"wpcf7-form-control wpcf7-text\" aria-invalid=\"false\" value=\"\" type=\"text\" name=\"ware-gewicht\" \/><\/span><\/label>\n\n<h3>Ihre Nachricht an uns<\/h3>\n\n<label> Nachricht\n<span class=\"wpcf7-form-control-wrap\" data-name=\"nachricht\"><textarea cols=\"40\" rows=\"10\" maxlength=\"2000\" class=\"wpcf7-form-control wpcf7-textarea\" aria-invalid=\"false\" name=\"nachricht\"><\/textarea><\/span> <\/label>\n\n<input class=\"wpcf7-form-control wpcf7-submit has-spinner\" id=\"weiter\" type=\"submit\" value=\"Weiter\" \/><\/div><p style=\"display: none !important;\" class=\"akismet-fields-container\" data-prefix=\"_wpcf7_ak_\"><label>&#916;<textarea name=\"_wpcf7_ak_hp_textarea\" cols=\"45\" rows=\"8\" maxlength=\"100\"><\/textarea><\/label><input type=\"hidden\" id=\"ak_js_1\" name=\"_wpcf7_ak_js\" value=\"198\"\/><script>document.getElementById( \"ak_js_1\" ).setAttribute( \"value\", ( new Date() ).getTime() );<\/script><\/p><div class=\"wpcf7-response-output\" aria-hidden=\"true\"><\/div>\n<input type=\"hidden\" name=\"trp-form-language\" value=\"de\"\/><\/form>\n<\/div>\n<\/div>\n\t\t\t\t\t\t<\/div>\n\t\t\t\t<\/div>\n\t\t\t\t\t<\/div>\n\t\t\t\t<\/div>\n\t\t\t\t<\/div>","protected":false},"excerpt":{"rendered":"<p>Nutzen Sie unser Anfrage-Formular f\u00fcr eine Auftragsanfrage auch au\u00dferhalb unserer regul\u00e4ren B\u00fcrozeiten. Unsere Mitarbeiter werden Ihre Anfrage schnellstm\u00f6glich bearbeiten und Ihnen ein aussagekr\u00e4ftiges Angebot \u00fcbermitteln.<\/p>","protected":false},"author":1,"featured_media":0,"parent":0,"menu_order":0,"comment_status":"closed","ping_status":"open","template":"elementor_header_footer","meta":{"footnotes":""},"class_list":["post-16400","page","type-page","status-publish","hentry"],"_links":{"self":[{"href":"https:\/\/eurogenex.com\/de\/wp-json\/wp\/v2\/pages\/16400","targetHints":{"allow":["GET"]}}],"collection":[{"href":"https:\/\/eurogenex.com\/de\/wp-json\/wp\/v2\/pages"}],"about":[{"href":"https:\/\/eurogenex.com\/de\/wp-json\/wp\/v2\/types\/page"}],"author":[{"embeddable":true,"href":"https:\/\/eurogenex.com\/de\/wp-json\/wp\/v2\/users\/1"}],"replies":[{"embeddable":true,"href":"https:\/\/eurogenex.com\/de\/wp-json\/wp\/v2\/comments?post=16400"}],"version-history":[{"count":10,"href":"https:\/\/eurogenex.com\/de\/wp-json\/wp\/v2\/pages\/16400\/revisions"}],"predecessor-version":[{"id":16429,"href":"https:\/\/eurogenex.com\/de\/wp-json\/wp\/v2\/pages\/16400\/revisions\/16429"}],"wp:attachment":[{"href":"https:\/\/eurogenex.com\/de\/wp-json\/wp\/v2\/media?parent=16400"}],"curies":[{"name":"wp","href":"https:\/\/api.w.org\/{rel}","templated":true}]}}